{"id":333,"date":"2015-02-11T02:41:22","date_gmt":"2015-02-11T02:41:22","guid":{"rendered":"https:\/\/www.monicabarki.com\/?page_id=333"},"modified":"2018-01-31T13:31:15","modified_gmt":"2018-01-31T13:31:15","slug":"biografia","status":"publish","type":"page","link":"https:\/\/www.monicabarki.com\/en\/biografia\/","title":{"rendered":"Biografia"},"content":{"rendered":"<p>Monica Barki was born on October 30<sup>th<\/sup>, 1956 in Rio de Janeiro, where she currently lives and works.\u00a0 The artist, whose career spans 35 years, makes use of different media to build a diverse visual repertory. Her prints, paintings, photographs, performances, installations pieces, <em>assemblages<\/em>, videos, machines and objects have been seen in 29 solo shows and about 100 group exhibitions in Brazil and abroad, including the 1991 S\u00e3o Paulo International Biennial. Along this trajectory, Monica Barki\u2019s work has been developed in a singular manner, made up of a far-reaching vocabulary that includes her family history, her memories, the Judaic culture, eroticism, bourgeois upbringing, her children\u2019s everyday life, and the condition of being a woman in society. Barki works her issues with subtle irony and sense of humor, continuously prospecting for new media and techniques to express herself.<\/p>\n<p>Monica grew up in the Rio\u2019s Copacabana neighborhood within a family of Jewish descent who owned a thriving factory and a retail chain for bed, bath and table linen. Since her earliest years, she had been in close contact with her father\u2019s textile company, despite the strict style of her upbringing. Helio Barki, the manufacturer and retailer, had moved with his family, when he was still a boy, from the Turkish town of Izmir to Rio de Janeiro and soon after that he obtained his Brazilian citizenship. He marries a girl of Russian and Rumanian descent with whom he has five children, four girls and a boy. In 1968, at the early age of 12, Monica, the youngest among the girls, is enrolled by her mother, who was concerned about her difficulties in expressing herself, in the classes of renowned Brazilian artist Ivan Serpa. As early as at her pre-teenage years, Monica begins her art studies as a sort of therapy to overcome her shyness.<\/p>\n<p>Four years later, in 1972, encouraged by her sister Cinthia, Monica Barki submits a work to the <em>4<sup>th<\/sup> Sal\u00e3o de Ver\u00e3o do Museu de Arte Moderna do Rio de Janeiro<\/em>, a summer juried art show held at the prestigious Rio\u2019s Museum of Modern Art. She succeeds in having her work selected for the show and, at 16 years of age, she makes her debut in the art world with a series of three gouaches. Once more at her sister\u2019s suggestion, in the same year, Monica starts attending painting classes at Bruno Tausz\u2019s Studio at <em>Centro de Pesquisa de Arte<\/em>, located in Ipanema, which is eventually named <em>Centro de Pesquisa de Arte Ivan Serpa<\/em> (<em>Ivan Serpa Research Center<\/em>) after the death of that artist. There, sitting at the head of a long table, the teacher, a Serpa\u2019s disciple as well, used to show the students\u2019 pieces and prompt all participants to comment on them.<\/p>\n<p>The encounter with Bruno Tausz would prove decisive in raising young Monica\u2019s self-esteem and helping her artistic trajectory take off. Stimulated by the master, she starts showing some drawings. \u201cBruno used to say that he was there to listen to me. He expected me to show my own worldview and would say that he didn\u2019t have anything to teach me. Our classes were simply a long, long series of conversations\u201d. In 1976, Monica opens her first solo show, <em>Autorretrato (Self-portrait)<\/em> at the gallery of the Centro<em> de Pesquisa<\/em>, presenting oil paintings and gouaches, besides a Super-8 film. The cover of the invitation card featured a painting of a woman lying naked on a dining table as if she were the main dish of a banquet. At this early moment, one could witness the theme that would become constant in her coming works: the reflection upon women\u2019s condition.<\/p>\n<p><strong>\u00a0\u00a0\u00a0\u00a0\u00a0\u00a0\u00a0\u00a0\u00a0\u00a0\u00a0 <\/strong>In 1980<strong>,<\/strong> the year when she graduates in Visual Communication and Fine Arts pedagogy from Rio\u2019s PUC- Catholic University, Monica Barki operates on two fronts, as it were. Without relinquishing her interest in hyperrealistic painting, which had fascinated her at shows she had seen in Paris after her first voluntary stay at a kibbutz (1975), she has a regular job at her family\u2019s factory. She designs prints for bed sheets, tablecloths, calendars, she creates new color schemes, designs the shop windows of the stores, makes advertising posters and in this daily coexistence with her father, becomes very close to him. Impatient at the long time his daughter needs to finish every painting, he used to say that she took longer to paint a single picture that he would do to churn out 10,000 kitchen cloths.<\/p>\n<p>In the same year, motivated by the comments from her father and, also, for feeling lonely at her studio, Monica enrolls in the lithography classes of Antonio Grosso, at <em>Escola de Artes Visuais do Parque Lage<\/em>, Rio de Janeiro. \u201cBesides looking for ways out of my isolation, I also intended to expand my production and learn a new technique, which ended up filling me with great pleasure\u201d. Her printing lessons opened the door to her recognition. Surrounded by loud controversy and mentioned, even today, every time one talks or writes about the work of Barki, the show <em>\u00c1lbum de fam\u00edlia \u2013 litografias (Family Album \u2013 lithographs) <\/em>is presented in 1982, at Galeria C\u00e9sar Ach\u00e9, in Rio de Janeiro. The set of 16 black and white lithographs was inspired by the work of American photographer Diane Arbus, who had committed suicide in 1971. Like Arbus, Monica also highlighted the psychological aspects of the sitters, most of them in photos culled from old boxes kept at her parent\u2019s home, where she still lived. The artist would add subtle details to the portraits, thus making subtle though biting comments on the institution of family. The show was banned, one of the pieces was seized and Monica was sued by some of her relatives. Today, some lithographs of that series are part of the prestigious collections of Gilberto Chateaubriand at Rio\u2019s Museum of Modern Art, and Jo\u00e3o Sattamini, at the Contemporary Art Museum of Niter\u00f3i, at the collections of Museu Nacional de Belas Artes of Rio de Janeiro and Funda\u00e7\u00e3o Cultural de Curitiba.<\/p>\n<p>In 1982, Monica Barki marries lawyer and music therapist Tomaz Lima. Pregnant with her first son Bhagavan and deeply shaken by the lawsuit filed against her, she emigrates with her husband to Israel. The couple settles at a kibbutz located between Tel Aviv and Haifa. During the two following years, Monica works in several community jobs, including that of a cook, a gardener, a children\u2019s tutor, and a night security guard, without being able to reconcile motherhood and art. In her free time, she works in a makeshift studio in a chicken house. Back to Brazil, in 1986, she moves to Niter\u00f3i, a town across the bay of Rio, where her second child, Esther, is born. Only then does she decide to resume her career. She contacts the painter Luiz Aquila, whom she knew from her days at the lithography course at Parque Lage, and is advised by him to enrol in the ceramics workshop of Celeida Tostes, which actually marked the beginning of her experience with tridimensionality.<\/p>\n<p>One year later, she separates from Tomaz Lima and works cathartically in order to make up for the six fruitless years. In 1988 she marries Luiz Aquila. The couple and the two children by her first marriage start living in the picturesque town of Petr\u00f3polis and there, in the peace and quiet of a studio amidst nature, she produces intensely. In this serene phase of her career, colorful garden hoses start being used in abstract, playful works which remind of her children\u2019s toys and games. \u201cThe garden hose was the duct that connected me back to art, to people and to the world\u201d. From this moment on, the painter Luiz Aquila, just like her master Bruno Tausz had done in the late 70\u2019s, would provide most of the encouragement for the career of his wife, by adding new issues to the experiments of the artist. The rediscovery of colors is an example of that. Monica Barki starts using vibrant colors, which had not been part of her work so far. In 1991, she takes in the 21<sup>st<\/sup> S\u00e3o Paulo Internacional Biennial, showing her series <em>Novos Jogos Geom\u00e9tricos<\/em> (<em>New Geometric Games) <\/em>a set of five playful pieces with which the public could interact by fitting pieces of color garden hoses into large panels, as if the whole thing were a big toy.<\/p>\n<p>In the following years, the continues working on playful projects, turning out abstract paintings with brushstrokes which would grow more and more unrestrained and colorful, until, in 1994, the human figure from her initial phases resumes its place in her repertory. It is after a trip to London, in 1995, that her work makes a distinctive turn toward tridimensionality. This turn starts with the series <em>Caixas-objetos (Box-Objects)<\/em>, influenced by the show <em>Worlds in a box,<\/em> a group exhibition at the Whitechapel Art Gallery. Simultaneously to this, the artist goes on creating paintings to which she transfers the same visual elements used in the boxes, such as the little jewel-box piano from her childhood. In 1999, Monica Barki breaks with the rectangular shape of the boxes and starts her series of <em>assemblages<\/em>. She culls pieces of fabric with different patterns, broken toys, necklaces, shards of ceramics and dishes, reels of cotton, and pieces of clothing that belongs to her family to create organic, visceral forms on cut-out wooden frames. The show <em>Collarobjeto<\/em> was presented at the Centro Cultural Recoleta, in Buenos Aires, at Galeria Nara Roesler, in S\u00e3o Paulo and at Pa\u00e7o Imperial, in Rio de Janeiro, between 2000 and 2001.<\/p>\n<p>From 2002 on, Monica Barki resumes her graphic research, exploring several printing techniques. At that time, she was a member of a study group led by critic and curator Fernando Cocchiarale about the work of Walter Benjamin, especially <em>The Work of Art in the Age of Mechanical Reproduction<\/em>. The ideas championed by the influential philosopher incites the artist to new queries which start precisely when she spots, by sheer chance, in a stationery shop in her neighborhood, a logo printed on wrapping paper in a bobbin. Her discovery of flexography, a relief printing technique that uses photopolymer plates, gives origin to the series <em>Bobinas<\/em>, whose inspiration comes from popular culture and particularly, the universe of <em>Cordel<\/em> literature. Searching for references for the work in process, she leaves her studio and widens the field of her research. She takes pictures at the S\u00e3o Crist\u00f3v\u00e3o Fair in Rio de Janeiro, a meeting point for migrants from the poorer states of Northeastern Brazil, and the fa\u00e7ades and small signs of roadside \u201cgreasy spoons\u201d. On a vacation trip to the Northeast, she visits the Museu dos Mamulengos in Olinda.<\/p>\n<p>Back to her Petr\u00f3polis studio, deeply impressed by the expressiveness of the puppets she had seen in Pernambuco, Monica Barki creates the character <em>Ana C<\/em><em>.<\/em>, also the title of the show held at the Galeria de Arte Ibeu in Rio de Janeiro, in 2003. The giant puppet, which is featured in bobbins, bandages, photographs and performances, belongs to a Brazil that had been absent from the artist\u2019s vocabulary up to that point, thus widening her comments on gender issues towards those women who subject\u00a0 body, soul, sex and freedom of choice to male economical dominance. The same idea unfolds in <em>Ana C. e outras hist\u00f3rias (Ana C. and other stories)<\/em>, a series that results in the show presented at the Galeria Anna Maria Niemeyer, also in Rio de Janeiro, in 2006.<\/p>\n<p>2008 was a period of ruptures for Monica Barki. Her marriage with Luiz Aquila ends, she leaves the isolation of Petr\u00f3polis and moves her studio to Barrinha, the oldest area in the now fashionable Barra da Tijuca neighborhood of Rio de Janeiro. In 2009, she produces her first post-rupture work, registering on video the performance <em>Vermelho sobre branco (Red on white)<\/em>, which alludes to the changes in her life as a woman and artist. This video, which shows her and a female friend in a fight, throwing half a ton of ripe tomatoes at each other, ends up being the springboard to her latest series <em>Lady Pink et ses gar\u00e7ons<\/em>. Returning to drawings again, Monica works and re-interprets with several kinds of pencils, crayons, dry and oily pastel a set of scenes culled from home videos from YouTube whose common content is women that physically subjugate men out of sheer pleasure. Those women who seemed to be oppressed, like in <em>Ana C. e outras hist\u00f3rias,<\/em> turn up as a domineering force now.\u00a0 The exhibition <em>Lady Pink et ses gar\u00e7ons<\/em> is presented, along with the video, at Galeria Anna Maria Niemeyer, Rio de Janeiro, and at Casa da Cultura da Am\u00e9rica Latina in Bras\u00edlia, in 2010.<\/p>\n<p>Monica Barki\u2019s current work continues reflecting the creative vigor of her first years and incorporating an increasing variety of supports and interests. It is through this multiplicity that the artist carries out her search for \u201cvisual aspects that can be heard\u201d.<\/p>\n","protected":false},"excerpt":{"rendered":"<p>Monica Barki was born on October 30th, 1956 in Rio de Janeiro, where she currently lives and works.\u00a0 The artist, whose career spans 35 years, makes use of different media to build a diverse visual repertory. Her prints, paintings, photographs, performances, installations pieces, assemblages, videos, machines and objects have been seen in 29 solo shows [&hellip;]<\/p>\n","protected":false},"author":1,"featured_media":0,"parent":0,"menu_order":5,"comment_status":"open","ping_status":"open","template":"template-biografia.php","meta":{"footnotes":""},"class_list":["post-333","page","type-page","status-publish","hentry"],"_links":{"self":[{"href":"https:\/\/www.monicabarki.com\/en\/wp-json\/wp\/v2\/pages\/333","targetHints":{"allow":["GET"]}}],"collection":[{"href":"https:\/\/www.monicabarki.com\/en\/wp-json\/wp\/v2\/pages"}],"about":[{"href":"https:\/\/www.monicabarki.com\/en\/wp-json\/wp\/v2\/types\/page"}],"author":[{"embeddable":true,"href":"https:\/\/www.monicabarki.com\/en\/wp-json\/wp\/v2\/users\/1"}],"replies":[{"embeddable":true,"href":"https:\/\/www.monicabarki.com\/en\/wp-json\/wp\/v2\/comments?post=333"}],"version-history":[{"count":0,"href":"https:\/\/www.monicabarki.com\/en\/wp-json\/wp\/v2\/pages\/333\/revisions"}],"wp:attachment":[{"href":"https:\/\/www.monicabarki.com\/en\/wp-json\/wp\/v2\/media?parent=333"}],"curies":[{"name":"wp","href":"https:\/\/api.w.org\/{rel}","templated":true}]}}