{"id":319,"date":"2015-02-11T07:07:17","date_gmt":"2015-02-11T07:07:17","guid":{"rendered":"https:\/\/www.monicabarki.com\/?page_id=319"},"modified":"2015-03-19T16:01:02","modified_gmt":"2015-03-19T16:01:02","slug":"home","status":"publish","type":"page","link":"https:\/\/www.monicabarki.com\/en\/","title":{"rendered":"Home"},"content":{"rendered":"<p>Monica Barki, prestes a completar <a href=\"https:\/\/www.monicabarki.com\/en\/work\/\">40 anos de carreira<\/a>, transita em diferentes m\u00eddias para construir diversificado repert\u00f3rio visual. Suas <a href=\"https:\/\/www.monicabarki.com\/en\/work\/?fwp_tecnica=litografia\">gravuras<\/a>, <a href=\"https:\/\/www.monicabarki.com\/en\/work\/?fwp_tecnica=pintura-oleo\">pinturas<\/a>, <a href=\"https:\/\/www.monicabarki.com\/en\/work\/?fwp_tecnica=fotografia\">fotografias<\/a>, <a href=\"https:\/\/www.monicabarki.com\/en\/work\/?fwp_tecnica=lapis-de-cor\">desenhos<\/a>, <a href=\"https:\/\/www.monicabarki.com\/en\/work\/?fwp_tecnica=performance\">performances<\/a>, <a href=\"https:\/\/www.monicabarki.com\/en\/work\/?fwp_tecnica=instalacao\">instala\u00e7\u00f5es<\/a>, <a href=\"https:\/\/www.monicabarki.com\/en\/work\/?fwp_tecnica=assemblages\">assemblages<\/a>, <a href=\"https:\/\/www.monicabarki.com\/en\/work\/?fwp_tecnica=video\">v\u00eddeos<\/a>, <a href=\"https:\/\/www.monicabarki.com\/en\/work\/?fwp_tecnica=maquina\">m\u00e1quinas<\/a> e<a href=\"https:\/\/www.monicabarki.com\/en\/work\/?fwp_tecnica=caixa-objeto\"> objetos<\/a> foram vistos em mais de <a title=\"Exposi\u00e7\u00f5es\" href=\"https:\/\/www.monicabarki.com\/en\/exhibitions\/\">30 mostras individuais<\/a> e cerca de <a title=\"Exposi\u00e7\u00f5es\" href=\"https:\/\/www.monicabarki.com\/en\/exhibitions\/\">100 coletivas<\/a>\u00a0no Brasil e no exterior, incluindo participa\u00e7\u00e3o na <a href=\"\/?s=bienal&amp;post_type%5B%5D=obras\">Bienal Internacional de S\u00e3o Paulo<\/a>, em <a href=\"https:\/\/www.monicabarki.com\/en\/work\/?fwp_ano=1991\">1991<\/a>. Durante sua trajet\u00f3ria, desenvolve uma obra de linguagem singular, compondo amplo vocabul\u00e1rio que abrange a <a href=\"\/?s=familia&amp;post_type%5B%5D=obras\">hist\u00f3ria familiar<\/a>, suas mem\u00f3rias, a <a href=\"\/?s=judaismo&amp;post_type%5B%5D=obras\">cultura judaica<\/a>, <a href=\"\/?s=erotismo&amp;post_type%5B%5D=obras\">o erotismo<\/a>, <a href=\"\/?s=educacao&amp;post_type%5B%5D=obras\">a educa\u00e7\u00e3o burguesa<\/a>, o cotidiano dos filhos, <a href=\"\/?s=feminino&amp;post_type%5B%5D=obras\">a condi\u00e7\u00e3o feminina<\/a>.<\/p>\n","protected":false},"excerpt":{"rendered":"<p>Monica Barki, prestes a completar 40 anos de carreira, transita em diferentes m\u00eddias para construir diversificado repert\u00f3rio visual. Suas gravuras, pinturas, fotografias, desenhos, performances, instala\u00e7\u00f5es, assemblages, v\u00eddeos, m\u00e1quinas e objetos foram vistos em mais de 30 mostras individuais e cerca de 100 coletivas\u00a0no Brasil e no exterior, incluindo participa\u00e7\u00e3o na Bienal Internacional de S\u00e3o Paulo, [&hellip;]<\/p>\n","protected":false},"author":1,"featured_media":0,"parent":0,"menu_order":0,"comment_status":"open","ping_status":"open","template":"template-home.php","meta":{"footnotes":""},"class_list":["post-319","page","type-page","status-publish","hentry"],"_links":{"self":[{"href":"https:\/\/www.monicabarki.com\/en\/wp-json\/wp\/v2\/pages\/319","targetHints":{"allow":["GET"]}}],"collection":[{"href":"https:\/\/www.monicabarki.com\/en\/wp-json\/wp\/v2\/pages"}],"about":[{"href":"https:\/\/www.monicabarki.com\/en\/wp-json\/wp\/v2\/types\/page"}],"author":[{"embeddable":true,"href":"https:\/\/www.monicabarki.com\/en\/wp-json\/wp\/v2\/users\/1"}],"replies":[{"embeddable":true,"href":"https:\/\/www.monicabarki.com\/en\/wp-json\/wp\/v2\/comments?post=319"}],"version-history":[{"count":0,"href":"https:\/\/www.monicabarki.com\/en\/wp-json\/wp\/v2\/pages\/319\/revisions"}],"wp:attachment":[{"href":"https:\/\/www.monicabarki.com\/en\/wp-json\/wp\/v2\/media?parent=319"}],"curies":[{"name":"wp","href":"https:\/\/api.w.org\/{rel}","templated":true}]}}